{"id":7996,"date":"2021-03-01T22:59:08","date_gmt":"2021-03-01T21:59:08","guid":{"rendered":"https:\/\/tossacycling.com\/?page_id=7996"},"modified":"2021-03-02T19:26:54","modified_gmt":"2021-03-02T18:26:54","slug":"participantes_evento","status":"publish","type":"page","link":"https:\/\/tossacycling.com\/en\/participantes_evento\/","title":{"rendered":"Listado de participantes"},"content":{"rendered":"<div class=\"wpb-content-wrapper\"><p>[vc_row full_height=&#8221;yes&#8221; content_placement=&#8221;middle&#8221;][vc_column css=&#8221;.vc_custom_1587547582006{padding-top: 50px !important;}&#8221;][vc_raw_js]JTNDc2NyaXB0JTNFJTBBZnVuY3Rpb24lMjBnZXRVUkxQYXJhbWV0ZXIlMjh1cmwlMkMlMjBuYW1lJTI5JTIwJTdCJTBBJTIwJTIwJTIwJTIwdmFyJTIwdGV4dCUyMCUzRCUyMCUyOFJlZ0V4cCUyOG5hbWUlMjAlMkIlMjAlMjclM0QlMjclMjAlMkIlMjAlMjclMjguJTJCJTNGJTI5JTI4JTI2JTdDJTI0JTI5JTI3JTI5LmV4ZWMlMjh1cmwlMjklN0MlN0MlNUIlMkNudWxsJTVEJTI5JTVCMSU1RCUzQiUwQXJldHVybiUyMGpRdWVyeSUyOCUyMiUzQ3RleHRhcmVhJTJGJTNFJTIyJTI5JTBBJTIwJTIwJTIwJTIwLmh0bWwlMjh0ZXh0JTI5JTBBJTIwJTIwJTIwJTIwLnRleHQlMjglMjklM0IlMEElN0QlMEElMEFqUXVlcnklMjglMjBkb2N1bWVudCUyMCUyOS5yZWFkeSUyOGZ1bmN0aW9uJTI4JTI5JTIwJTdCJTBBdmFyJTIwdXJsJTIwJTNEJTIwd2luZG93LmxvY2F0aW9uLmhyZWYlM0IlMEF2YXIlMjBldmVudCUyMCUzRCUyMGdldFVSTFBhcmFtZXRlciUyOHVybCUyQyUyMCUyN2V2ZW50byUyNyUyOS5yZXBsYWNlJTI4JTJGJTI1MjAlMkZnaSUyQyUyMCUyNyUyMCUyNyUyOS5yZXBsYWNlJTI4JTJGJTVDJTJCJTJGZyUyQyUyMCUyNyUyMCUyNyUyOS5yZXBsYWNlJTI4JTJGJTI1MkYlMkZnJTJDJTIwJTI3JTJGJTI3JTI5LnJlcGxhY2UlMjglMkYlMjUyOCUyRmclMkMlMjAlMjclMjglMjclMjkucmVwbGFjZSUyOCUyRiUyNTI5JTJGZyUyQyUyMCUyNyUyOSUyNyUyOSUzQiUwQWpRdWVyeSUyOCUyMCUyMiUyM2V2ZW50byUyMiUyMCUyOS5odG1sJTI4JTIwZXZlbnQlMjAlMjklM0IlMEElN0QlMjklM0IlMEElM0MlMkZzY3JpcHQlM0U=[\/vc_raw_js][vc_column_text]<\/p>\n<h3 style=\"text-align: center;\">Listado de participantes<\/h3>\n<p>[\/vc_column_text][vc_column_text]<\/p>\n<h3 id=\"evento\" style=\"text-align: center;\"><\/h3>\n<p>[\/vc_column_text][vc_message message_box_style=&#8221;solid&#8221; style=&#8221;square&#8221; message_box_color=&#8221;alert-warning&#8221; icon_fontawesome=&#8221;fas fa-exclamation-circle&#8221;]Debido a las restricciones de seguridad relacionadas con la pandemia, s\u00f3lo las personas inscritas podr\u00e1n participar en los eventos programados. En caso de que se supere el n\u00famero m\u00e1ximo de participantes permitido para una actividad al aire libre, el grupo se dividir\u00e1 (cada grupo de 5 participantes ser\u00e1 guiado por otro gu\u00eda).[\/vc_message][vc_column_text][gravityview id=&#8217;7998&#8242;][\/vc_column_text][\/vc_column][\/vc_row]<\/p>\n<\/div>","protected":false},"excerpt":{"rendered":"<p>[vc_row full_height=&#8221;yes&#8221; content_placement=&#8221;middle&#8221;][vc_column css=&#8221;.vc_custom_1587547582006{padding-top: 50px !important;}&#8221;][vc_raw_js]JTNDc2NyaXB0JTNFJTBBZnVuY3Rpb24lMjBnZXRVUkxQYXJhbWV0ZXIlMjh1cmwlMkMlMjBuYW1lJTI5JTIwJTdCJTBBJTIwJTIwJTIwJTIwdmFyJTIwdGV4dCUyMCUzRCUyMCUyOFJlZ0V4cCUyOG5hbWUlMjAlMkIlMjAlMjclM0QlMjclMjAlMkIlMjAlMjclMjguJTJCJTNGJTI5JTI4JTI2JTdDJTI0JTI5JTI3JTI5LmV4ZWMlMjh1cmwlMjklN0MlN0MlNUIlMkNudWxsJTVEJTI5JTVCMSU1RCUzQiUwQXJldHVybiUyMGpRdWVyeSUyOCUyMiUzQ3RleHRhcmVhJTJGJTNFJTIyJTI5JTBBJTIwJTIwJTIwJTIwLmh0bWwlMjh0ZXh0JTI5JTBBJTIwJTIwJTIwJTIwLnRleHQlMjglMjklM0IlMEElN0QlMEElMEFqUXVlcnklMjglMjBkb2N1bWVudCUyMCUyOS5yZWFkeSUyOGZ1bmN0aW9uJTI4JTI5JTIwJTdCJTBBdmFyJTIwdXJsJTIwJTNEJTIwd2luZG93LmxvY2F0aW9uLmhyZWYlM0IlMEF2YXIlMjBldmVudCUyMCUzRCUyMGdldFVSTFBhcmFtZXRlciUyOHVybCUyQyUyMCUyN2V2ZW50byUyNyUyOS5yZXBsYWNlJTI4JTJGJTI1MjAlMkZnaSUyQyUyMCUyNyUyMCUyNyUyOS5yZXBsYWNlJTI4JTJGJTVDJTJCJTJGZyUyQyUyMCUyNyUyMCUyNyUyOS5yZXBsYWNlJTI4JTJGJTI1MkYlMkZnJTJDJTIwJTI3JTJGJTI3JTI5LnJlcGxhY2UlMjglMkYlMjUyOCUyRmclMkMlMjAlMjclMjglMjclMjkucmVwbGFjZSUyOCUyRiUyNTI5JTJGZyUyQyUyMCUyNyUyOSUyNyUyOSUzQiUwQWpRdWVyeSUyOCUyMCUyMiUyM2V2ZW50byUyMiUyMCUyOS5odG1sJTI4JTIwZXZlbnQlMjAlMjklM0IlMEElN0QlMjklM0IlMEElM0MlMkZzY3JpcHQlM0U=[\/vc_raw_js][vc_column_text] Listado de participantes [\/vc_column_text][vc_column_text] [\/vc_column_text][vc_message message_box_style=&#8221;solid&#8221; style=&#8221;square&#8221; message_box_color=&#8221;alert-warning&#8221; icon_fontawesome=&#8221;fas fa-exclamation-circle&#8221;]Debido a las restricciones de seguridad relacionadas con la pandemia, s\u00f3lo las personas inscritas podr\u00e1n participar en los eventos programados. En caso de que se supere el n\u00famero m\u00e1ximo de participantes permitido para una actividad al aire libre, el grupo [&hellip;]<\/p>\n","protected":false},"author":1,"featured_media":0,"parent":0,"menu_order":0,"comment_status":"closed","ping_status":"closed","template":"page-boxed.php","meta":{"inline_featured_image":false,"footnotes":""},"class_list":["post-7996","page","type-page","status-publish","hentry"],"yoast_head":"<!-- This site is optimized with the Yoast SEO plugin v27.5 - https:\/\/yoast.com\/product\/yoast-seo-wordpress\/ -->\n<title>Listado de participantes | TOSSA CYCLING<\/title>\n<meta name=\"robots\" content=\"index, follow, max-snippet:-1, max-image-preview:large, max-video-preview:-1\" \/>\n<link rel=\"canonical\" href=\"https:\/\/tossacycling.com\/en\/participantes_evento\/\" \/>\n<meta property=\"og:locale\" content=\"en_US\" \/>\n<meta property=\"og:type\" content=\"article\" \/>\n<meta property=\"og:title\" content=\"Listado de participantes | TOSSA CYCLING\" \/>\n<meta property=\"og:description\" content=\"[vc_row full_height=&#8221;yes&#8221; content_placement=&#8221;middle&#8221;][vc_column css=&#8221;.vc_custom_1587547582006{padding-top: 50px !important;}&#8221;][vc_raw_js]JTNDc2NyaXB0JTNFJTBBZnVuY3Rpb24lMjBnZXRVUkxQYXJhbWV0ZXIlMjh1cmwlMkMlMjBuYW1lJTI5JTIwJTdCJTBBJTIwJTIwJTIwJTIwdmFyJTIwdGV4dCUyMCUzRCUyMCUyOFJlZ0V4cCUyOG5hbWUlMjAlMkIlMjAlMjclM0QlMjclMjAlMkIlMjAlMjclMjguJTJCJTNGJTI5JTI4JTI2JTdDJTI0JTI5JTI3JTI5LmV4ZWMlMjh1cmwlMjklN0MlN0MlNUIlMkNudWxsJTVEJTI5JTVCMSU1RCUzQiUwQXJldHVybiUyMGpRdWVyeSUyOCUyMiUzQ3RleHRhcmVhJTJGJTNFJTIyJTI5JTBBJTIwJTIwJTIwJTIwLmh0bWwlMjh0ZXh0JTI5JTBBJTIwJTIwJTIwJTIwLnRleHQlMjglMjklM0IlMEElN0QlMEElMEFqUXVlcnklMjglMjBkb2N1bWVudCUyMCUyOS5yZWFkeSUyOGZ1bmN0aW9uJTI4JTI5JTIwJTdCJTBBdmFyJTIwdXJsJTIwJTNEJTIwd2luZG93LmxvY2F0aW9uLmhyZWYlM0IlMEF2YXIlMjBldmVudCUyMCUzRCUyMGdldFVSTFBhcmFtZXRlciUyOHVybCUyQyUyMCUyN2V2ZW50byUyNyUyOS5yZXBsYWNlJTI4JTJGJTI1MjAlMkZnaSUyQyUyMCUyNyUyMCUyNyUyOS5yZXBsYWNlJTI4JTJGJTVDJTJCJTJGZyUyQyUyMCUyNyUyMCUyNyUyOS5yZXBsYWNlJTI4JTJGJTI1MkYlMkZnJTJDJTIwJTI3JTJGJTI3JTI5LnJlcGxhY2UlMjglMkYlMjUyOCUyRmclMkMlMjAlMjclMjglMjclMjkucmVwbGFjZSUyOCUyRiUyNTI5JTJGZyUyQyUyMCUyNyUyOSUyNyUyOSUzQiUwQWpRdWVyeSUyOCUyMCUyMiUyM2V2ZW50byUyMiUyMCUyOS5odG1sJTI4JTIwZXZlbnQlMjAlMjklM0IlMEElN0QlMjklM0IlMEElM0MlMkZzY3JpcHQlM0U=[\/vc_raw_js][vc_column_text] Listado de participantes [\/vc_column_text][vc_column_text] [\/vc_column_text][vc_message message_box_style=&#8221;solid&#8221; style=&#8221;square&#8221; message_box_color=&#8221;alert-warning&#8221; icon_fontawesome=&#8221;fas fa-exclamation-circle&#8221;]Debido a las restricciones de seguridad relacionadas con la pandemia, s\u00f3lo las personas inscritas podr\u00e1n participar en los eventos programados. En caso de que se supere el n\u00famero m\u00e1ximo de participantes permitido para una actividad al aire libre, el grupo [&hellip;]\" \/>\n<meta property=\"og:url\" content=\"https:\/\/tossacycling.com\/en\/participantes_evento\/\" \/>\n<meta property=\"og:site_name\" content=\"TOSSA CYCLING\" \/>\n<meta property=\"article:publisher\" content=\"https:\/\/www.facebook.com\/TossaCycling\" \/>\n<meta property=\"article:modified_time\" content=\"2021-03-02T18:26:54+00:00\" \/>\n<meta property=\"og:image\" content=\"https:\/\/tossacycling.com\/wp-content\/uploads\/2022\/03\/512_TC_round.png\" \/>\n\t<meta property=\"og:image:width\" content=\"512\" \/>\n\t<meta property=\"og:image:height\" content=\"512\" \/>\n\t<meta property=\"og:image:type\" content=\"image\/png\" \/>\n<meta name=\"twitter:card\" content=\"summary_large_image\" \/>\n<meta name=\"twitter:label1\" content=\"Est. reading time\" \/>\n\t<meta name=\"twitter:data1\" content=\"1 minute\" \/>\n<script type=\"application\/ld+json\" class=\"yoast-schema-graph\">{\"@context\":\"https:\\\/\\\/schema.org\",\"@graph\":[{\"@type\":\"WebPage\",\"@id\":\"https:\\\/\\\/tossacycling.com\\\/en\\\/participantes_evento\\\/\",\"url\":\"https:\\\/\\\/tossacycling.com\\\/en\\\/participantes_evento\\\/\",\"name\":\"Listado de participantes | TOSSA CYCLING\",\"isPartOf\":{\"@id\":\"https:\\\/\\\/tossacycling.com\\\/en\\\/#website\"},\"datePublished\":\"2021-03-01T21:59:08+00:00\",\"dateModified\":\"2021-03-02T18:26:54+00:00\",\"breadcrumb\":{\"@id\":\"https:\\\/\\\/tossacycling.com\\\/en\\\/participantes_evento\\\/#breadcrumb\"},\"inLanguage\":\"en-US\",\"potentialAction\":[{\"@type\":\"ReadAction\",\"target\":[[\"https:\\\/\\\/tossacycling.com\\\/en\\\/participantes_evento\\\/\"]]}]},{\"@type\":\"BreadcrumbList\",\"@id\":\"https:\\\/\\\/tossacycling.com\\\/en\\\/participantes_evento\\\/#breadcrumb\",\"itemListElement\":[{\"@type\":\"ListItem\",\"position\":1,\"name\":\"Home\",\"item\":\"https:\\\/\\\/tossacycling.com\\\/en\\\/\"},{\"@type\":\"ListItem\",\"position\":2,\"name\":\"Listado de participantes\"}]},{\"@type\":\"WebSite\",\"@id\":\"https:\\\/\\\/tossacycling.com\\\/en\\\/#website\",\"url\":\"https:\\\/\\\/tossacycling.com\\\/en\\\/\",\"name\":\"TOSSA CYCLING\",\"description\":\"CYCLING &amp; GOOD VIBES\",\"publisher\":{\"@id\":\"https:\\\/\\\/tossacycling.com\\\/en\\\/#organization\"},\"potentialAction\":[{\"@type\":\"SearchAction\",\"target\":{\"@type\":\"EntryPoint\",\"urlTemplate\":\"https:\\\/\\\/tossacycling.com\\\/en\\\/?s={search_term_string}\"},\"query-input\":{\"@type\":\"PropertyValueSpecification\",\"valueRequired\":true,\"valueName\":\"search_term_string\"}}],\"inLanguage\":\"en-US\"},{\"@type\":\"Organization\",\"@id\":\"https:\\\/\\\/tossacycling.com\\\/en\\\/#organization\",\"name\":\"TOSSA CYCLING\",\"url\":\"https:\\\/\\\/tossacycling.com\\\/en\\\/\",\"logo\":{\"@type\":\"ImageObject\",\"inLanguage\":\"en-US\",\"@id\":\"https:\\\/\\\/tossacycling.com\\\/en\\\/#\\\/schema\\\/logo\\\/image\\\/\",\"url\":\"https:\\\/\\\/tossacycling.com\\\/wp-content\\\/uploads\\\/2022\\\/02\\\/cropped-squareRecurso-2.png\",\"contentUrl\":\"https:\\\/\\\/tossacycling.com\\\/wp-content\\\/uploads\\\/2022\\\/02\\\/cropped-squareRecurso-2.png\",\"width\":512,\"height\":512,\"caption\":\"TOSSA CYCLING\"},\"image\":{\"@id\":\"https:\\\/\\\/tossacycling.com\\\/en\\\/#\\\/schema\\\/logo\\\/image\\\/\"},\"sameAs\":[\"https:\\\/\\\/www.facebook.com\\\/TossaCycling\",\"https:\\\/\\\/www.instagram.com\\\/tossacycling\\\/\"]}]}<\/script>\n<!-- \/ Yoast SEO plugin. -->","yoast_head_json":{"title":"Listado de participantes | TOSSA CYCLING","robots":{"index":"index","follow":"follow","max-snippet":"max-snippet:-1","max-image-preview":"max-image-preview:large","max-video-preview":"max-video-preview:-1"},"canonical":"https:\/\/tossacycling.com\/en\/participantes_evento\/","og_locale":"en_US","og_type":"article","og_title":"Listado de participantes | TOSSA CYCLING","og_description":"[vc_row full_height=&#8221;yes&#8221; content_placement=&#8221;middle&#8221;][vc_column css=&#8221;.vc_custom_1587547582006{padding-top: 50px !important;}&#8221;][vc_raw_js]JTNDc2NyaXB0JTNFJTBBZnVuY3Rpb24lMjBnZXRVUkxQYXJhbWV0ZXIlMjh1cmwlMkMlMjBuYW1lJTI5JTIwJTdCJTBBJTIwJTIwJTIwJTIwdmFyJTIwdGV4dCUyMCUzRCUyMCUyOFJlZ0V4cCUyOG5hbWUlMjAlMkIlMjAlMjclM0QlMjclMjAlMkIlMjAlMjclMjguJTJCJTNGJTI5JTI4JTI2JTdDJTI0JTI5JTI3JTI5LmV4ZWMlMjh1cmwlMjklN0MlN0MlNUIlMkNudWxsJTVEJTI5JTVCMSU1RCUzQiUwQXJldHVybiUyMGpRdWVyeSUyOCUyMiUzQ3RleHRhcmVhJTJGJTNFJTIyJTI5JTBBJTIwJTIwJTIwJTIwLmh0bWwlMjh0ZXh0JTI5JTBBJTIwJTIwJTIwJTIwLnRleHQlMjglMjklM0IlMEElN0QlMEElMEFqUXVlcnklMjglMjBkb2N1bWVudCUyMCUyOS5yZWFkeSUyOGZ1bmN0aW9uJTI4JTI5JTIwJTdCJTBBdmFyJTIwdXJsJTIwJTNEJTIwd2luZG93LmxvY2F0aW9uLmhyZWYlM0IlMEF2YXIlMjBldmVudCUyMCUzRCUyMGdldFVSTFBhcmFtZXRlciUyOHVybCUyQyUyMCUyN2V2ZW50byUyNyUyOS5yZXBsYWNlJTI4JTJGJTI1MjAlMkZnaSUyQyUyMCUyNyUyMCUyNyUyOS5yZXBsYWNlJTI4JTJGJTVDJTJCJTJGZyUyQyUyMCUyNyUyMCUyNyUyOS5yZXBsYWNlJTI4JTJGJTI1MkYlMkZnJTJDJTIwJTI3JTJGJTI3JTI5LnJlcGxhY2UlMjglMkYlMjUyOCUyRmclMkMlMjAlMjclMjglMjclMjkucmVwbGFjZSUyOCUyRiUyNTI5JTJGZyUyQyUyMCUyNyUyOSUyNyUyOSUzQiUwQWpRdWVyeSUyOCUyMCUyMiUyM2V2ZW50byUyMiUyMCUyOS5odG1sJTI4JTIwZXZlbnQlMjAlMjklM0IlMEElN0QlMjklM0IlMEElM0MlMkZzY3JpcHQlM0U=[\/vc_raw_js][vc_column_text] Listado de participantes [\/vc_column_text][vc_column_text] [\/vc_column_text][vc_message message_box_style=&#8221;solid&#8221; style=&#8221;square&#8221; message_box_color=&#8221;alert-warning&#8221; icon_fontawesome=&#8221;fas fa-exclamation-circle&#8221;]Debido a las restricciones de seguridad relacionadas con la pandemia, s\u00f3lo las personas inscritas podr\u00e1n participar en los eventos programados. En caso de que se supere el n\u00famero m\u00e1ximo de participantes permitido para una actividad al aire libre, el grupo [&hellip;]","og_url":"https:\/\/tossacycling.com\/en\/participantes_evento\/","og_site_name":"TOSSA CYCLING","article_publisher":"https:\/\/www.facebook.com\/TossaCycling","article_modified_time":"2021-03-02T18:26:54+00:00","og_image":[{"width":512,"height":512,"url":"https:\/\/tossacycling.com\/wp-content\/uploads\/2022\/03\/512_TC_round.png","type":"image\/png"}],"twitter_card":"summary_large_image","twitter_misc":{"Est. reading time":"1 minute"},"schema":{"@context":"https:\/\/schema.org","@graph":[{"@type":"WebPage","@id":"https:\/\/tossacycling.com\/en\/participantes_evento\/","url":"https:\/\/tossacycling.com\/en\/participantes_evento\/","name":"Listado de participantes | TOSSA CYCLING","isPartOf":{"@id":"https:\/\/tossacycling.com\/en\/#website"},"datePublished":"2021-03-01T21:59:08+00:00","dateModified":"2021-03-02T18:26:54+00:00","breadcrumb":{"@id":"https:\/\/tossacycling.com\/en\/participantes_evento\/#breadcrumb"},"inLanguage":"en-US","potentialAction":[{"@type":"ReadAction","target":[["https:\/\/tossacycling.com\/en\/participantes_evento\/"]]}]},{"@type":"BreadcrumbList","@id":"https:\/\/tossacycling.com\/en\/participantes_evento\/#breadcrumb","itemListElement":[{"@type":"ListItem","position":1,"name":"Home","item":"https:\/\/tossacycling.com\/en\/"},{"@type":"ListItem","position":2,"name":"Listado de participantes"}]},{"@type":"WebSite","@id":"https:\/\/tossacycling.com\/en\/#website","url":"https:\/\/tossacycling.com\/en\/","name":"TOSSA CYCLING","description":"CYCLING &amp; GOOD VIBES","publisher":{"@id":"https:\/\/tossacycling.com\/en\/#organization"},"potentialAction":[{"@type":"SearchAction","target":{"@type":"EntryPoint","urlTemplate":"https:\/\/tossacycling.com\/en\/?s={search_term_string}"},"query-input":{"@type":"PropertyValueSpecification","valueRequired":true,"valueName":"search_term_string"}}],"inLanguage":"en-US"},{"@type":"Organization","@id":"https:\/\/tossacycling.com\/en\/#organization","name":"TOSSA CYCLING","url":"https:\/\/tossacycling.com\/en\/","logo":{"@type":"ImageObject","inLanguage":"en-US","@id":"https:\/\/tossacycling.com\/en\/#\/schema\/logo\/image\/","url":"https:\/\/tossacycling.com\/wp-content\/uploads\/2022\/02\/cropped-squareRecurso-2.png","contentUrl":"https:\/\/tossacycling.com\/wp-content\/uploads\/2022\/02\/cropped-squareRecurso-2.png","width":512,"height":512,"caption":"TOSSA CYCLING"},"image":{"@id":"https:\/\/tossacycling.com\/en\/#\/schema\/logo\/image\/"},"sameAs":["https:\/\/www.facebook.com\/TossaCycling","https:\/\/www.instagram.com\/tossacycling\/"]}]}},"_links":{"self":[{"href":"https:\/\/tossacycling.com\/en\/wp-json\/wp\/v2\/pages\/7996","targetHints":{"allow":["GET"]}}],"collection":[{"href":"https:\/\/tossacycling.com\/en\/wp-json\/wp\/v2\/pages"}],"about":[{"href":"https:\/\/tossacycling.com\/en\/wp-json\/wp\/v2\/types\/page"}],"author":[{"embeddable":true,"href":"https:\/\/tossacycling.com\/en\/wp-json\/wp\/v2\/users\/1"}],"replies":[{"embeddable":true,"href":"https:\/\/tossacycling.com\/en\/wp-json\/wp\/v2\/comments?post=7996"}],"version-history":[{"count":0,"href":"https:\/\/tossacycling.com\/en\/wp-json\/wp\/v2\/pages\/7996\/revisions"}],"wp:attachment":[{"href":"https:\/\/tossacycling.com\/en\/wp-json\/wp\/v2\/media?parent=7996"}],"curies":[{"name":"wp","href":"https:\/\/api.w.org\/{rel}","templated":true}]}}