{"id":10226,"date":"2022-01-28T14:07:36","date_gmt":"2022-01-28T13:07:36","guid":{"rendered":"https:\/\/tossacycling.com\/?post_type=product&#038;p=10226"},"modified":"2022-10-13T17:58:52","modified_gmt":"2022-10-13T15:58:52","slug":"pro-bidon-800ml-trasparente","status":"publish","type":"product","link":"https:\/\/tossacycling.com\/en\/shop\/marcas\/pro\/pro-bidon-800ml-trasparente\/","title":{"rendered":"PRO Bid\u00f3n 800ml Trasparente"},"content":{"rendered":"","protected":false},"excerpt":{"rendered":"<p class=\"qtranxs-available-languages-message qtranxs-available-languages-message-en\">Sorry, this entry is only available in <a href=\"https:\/\/tossacycling.com\/es\/wp-json\/wp\/v2\/product\/10226\" class=\"qtranxs-available-language-link qtranxs-available-language-link-es\" title=\"Espa\u00f1ol\">Espa\u00f1ol<\/a>.<\/p>\n<div class=\"product-description\">El bid\u00f3n PRO es un bid\u00f3n sin BPA que se adapta a todos los bidones est\u00e1ndar de 74 mil\u00edmetros. Est\u00e1 disponible en transparente o negro en tama\u00f1os de 600 mililitros y 800 mililitros.<\/div>\n<div class=\"product-highlight\">\n<div class=\"highlight-list-title\">RESUMEN<\/div>\n<div class=\"highlight-list\">\n<ul>\n<li class=\"list-item\">Bid\u00f3n sin BPA<\/li>\n<li class=\"list-item\">Se adapta a todos los portabidones est\u00e1ndar de 74 mil\u00edmetros<\/li>\n<li class=\"list-item\">Colores: transparente<\/li>\n<li class=\"list-item\">Tama\u00f1os:\u00a0 800 ml<\/li>\n<\/ul>\n<\/div>\n<\/div>\n","protected":false},"featured_media":10227,"template":"","meta":{"inline_featured_image":false},"product_brand":[],"product_cat":[35,40,119],"product_tag":[],"class_list":{"0":"post-10226","1":"product","2":"type-product","3":"status-publish","4":"has-post-thumbnail","6":"product_cat-accesorios","7":"product_cat-marcas","8":"product_cat-pro","10":"first","11":"outofstock","12":"taxable","13":"shipping-taxable","14":"purchasable","15":"product-type-simple"},"booking_location":null,"booking_location_type":null,"booking_duration":null,"booking_duration_unit":null,"booking_buffer":null,"booking_cost":null,"booking_resources":null,"yoast_head":"<!-- This site is optimized with the Yoast SEO plugin v27.3 - https:\/\/yoast.com\/product\/yoast-seo-wordpress\/ -->\n<title>PRO Bid\u00f3n 800ml Trasparente | TOSSA CYCLING<\/title>\n<meta name=\"robots\" content=\"index, follow, max-snippet:-1, max-image-preview:large, max-video-preview:-1\" \/>\n<link rel=\"canonical\" href=\"https:\/\/tossacycling.com\/en\/shop\/marcas\/pro\/pro-bidon-800ml-trasparente\/\" \/>\n<meta property=\"og:locale\" content=\"en_US\" \/>\n<meta property=\"og:type\" content=\"article\" \/>\n<meta property=\"og:title\" content=\"PRO Bid\u00f3n 800ml Trasparente | TOSSA CYCLING\" \/>\n<meta property=\"og:description\" content=\"(Espa\u00f1ol) El bid\u00f3n PRO es un bid\u00f3n sin BPA que se adapta a todos los bidones est\u00e1ndar de 74 mil\u00edmetros. Est\u00e1 disponible en transparente o negro en tama\u00f1os de 600 mililitros y 800 mililitros.  RESUMEN    Bid\u00f3n sin BPA  Se adapta a todos los portabidones est\u00e1ndar de 74 mil\u00edmetros  Colores: transparente  Tama\u00f1os:\u00a0 800 ml\" \/>\n<meta property=\"og:url\" content=\"https:\/\/tossacycling.com\/en\/shop\/marcas\/pro\/pro-bidon-800ml-trasparente\/\" \/>\n<meta property=\"og:site_name\" content=\"TOSSA CYCLING\" \/>\n<meta property=\"article:publisher\" content=\"https:\/\/www.facebook.com\/TossaCycling\" \/>\n<meta property=\"article:modified_time\" content=\"2022-10-13T15:58:52+00:00\" \/>\n<meta property=\"og:image\" content=\"https:\/\/tossacycling.com\/wp-content\/uploads\/2022\/01\/pro_bt_bottle600_1.png\" \/>\n\t<meta property=\"og:image:width\" content=\"524\" \/>\n\t<meta property=\"og:image:height\" content=\"524\" \/>\n\t<meta property=\"og:image:type\" content=\"image\/png\" \/>\n<meta name=\"twitter:card\" content=\"summary_large_image\" \/>\n<script type=\"application\/ld+json\" class=\"yoast-schema-graph\">{\"@context\":\"https:\\\/\\\/schema.org\",\"@graph\":[{\"@type\":[\"WebPage\",\"ItemPage\"],\"@id\":\"https:\\\/\\\/tossacycling.com\\\/en\\\/shop\\\/marcas\\\/pro\\\/pro-bidon-800ml-trasparente\\\/\",\"url\":\"https:\\\/\\\/tossacycling.com\\\/en\\\/shop\\\/marcas\\\/pro\\\/pro-bidon-800ml-trasparente\\\/\",\"name\":\"PRO Bid\u00f3n 800ml Trasparente | TOSSA CYCLING\",\"isPartOf\":{\"@id\":\"https:\\\/\\\/tossacycling.com\\\/en\\\/#website\"},\"primaryImageOfPage\":{\"@id\":\"https:\\\/\\\/tossacycling.com\\\/en\\\/shop\\\/marcas\\\/pro\\\/pro-bidon-800ml-trasparente\\\/#primaryimage\"},\"image\":{\"@id\":\"https:\\\/\\\/tossacycling.com\\\/shop\\\/marcas\\\/pro\\\/pro-bidon-800ml-trasparente\\\/#primaryimage\"},\"thumbnailUrl\":\"https:\\\/\\\/tossacycling.com\\\/wp-content\\\/uploads\\\/2022\\\/01\\\/pro_bt_bottle600_1.png\",\"datePublished\":\"2022-01-28T13:07:36+00:00\",\"dateModified\":\"2022-10-13T15:58:52+00:00\",\"breadcrumb\":{\"@id\":\"https:\\\/\\\/tossacycling.com\\\/en\\\/shop\\\/marcas\\\/pro\\\/pro-bidon-800ml-trasparente\\\/#breadcrumb\"},\"inLanguage\":\"en-US\",\"potentialAction\":[{\"@type\":\"ReadAction\",\"target\":[[\"https:\\\/\\\/tossacycling.com\\\/en\\\/shop\\\/marcas\\\/pro\\\/pro-bidon-800ml-trasparente\\\/\"]]}]},{\"@type\":\"ImageObject\",\"inLanguage\":\"en-US\",\"@id\":\"https:\\\/\\\/tossacycling.com\\\/en\\\/shop\\\/marcas\\\/pro\\\/pro-bidon-800ml-trasparente\\\/#primaryimage\",\"url\":\"https:\\\/\\\/tossacycling.com\\\/wp-content\\\/uploads\\\/2022\\\/01\\\/pro_bt_bottle600_1.png\",\"contentUrl\":\"https:\\\/\\\/tossacycling.com\\\/wp-content\\\/uploads\\\/2022\\\/01\\\/pro_bt_bottle600_1.png\",\"width\":524,\"height\":524},{\"@type\":\"BreadcrumbList\",\"@id\":\"https:\\\/\\\/tossacycling.com\\\/en\\\/shop\\\/marcas\\\/pro\\\/pro-bidon-800ml-trasparente\\\/#breadcrumb\",\"itemListElement\":[{\"@type\":\"ListItem\",\"position\":1,\"name\":\"Home\",\"item\":\"https:\\\/\\\/tossacycling.com\\\/en\\\/\"},{\"@type\":\"ListItem\",\"position\":2,\"name\":\"Shop\",\"item\":\"https:\\\/\\\/tossacycling.com\\\/en\\\/shop\\\/\"},{\"@type\":\"ListItem\",\"position\":3,\"name\":\"PRO Bid\u00f3n 800ml Trasparente\"}]},{\"@type\":\"WebSite\",\"@id\":\"https:\\\/\\\/tossacycling.com\\\/en\\\/#website\",\"url\":\"https:\\\/\\\/tossacycling.com\\\/en\\\/\",\"name\":\"TOSSA CYCLING\",\"description\":\"CYCLING &amp; GOOD VIBES\",\"publisher\":{\"@id\":\"https:\\\/\\\/tossacycling.com\\\/en\\\/#organization\"},\"potentialAction\":[{\"@type\":\"SearchAction\",\"target\":{\"@type\":\"EntryPoint\",\"urlTemplate\":\"https:\\\/\\\/tossacycling.com\\\/en\\\/?s={search_term_string}\"},\"query-input\":{\"@type\":\"PropertyValueSpecification\",\"valueRequired\":true,\"valueName\":\"search_term_string\"}}],\"inLanguage\":\"en-US\"},{\"@type\":\"Organization\",\"@id\":\"https:\\\/\\\/tossacycling.com\\\/en\\\/#organization\",\"name\":\"TOSSA CYCLING\",\"url\":\"https:\\\/\\\/tossacycling.com\\\/en\\\/\",\"logo\":{\"@type\":\"ImageObject\",\"inLanguage\":\"en-US\",\"@id\":\"https:\\\/\\\/tossacycling.com\\\/en\\\/#\\\/schema\\\/logo\\\/image\\\/\",\"url\":\"https:\\\/\\\/tossacycling.com\\\/wp-content\\\/uploads\\\/2022\\\/02\\\/cropped-squareRecurso-2.png\",\"contentUrl\":\"https:\\\/\\\/tossacycling.com\\\/wp-content\\\/uploads\\\/2022\\\/02\\\/cropped-squareRecurso-2.png\",\"width\":512,\"height\":512,\"caption\":\"TOSSA CYCLING\"},\"image\":{\"@id\":\"https:\\\/\\\/tossacycling.com\\\/en\\\/#\\\/schema\\\/logo\\\/image\\\/\"},\"sameAs\":[\"https:\\\/\\\/www.facebook.com\\\/TossaCycling\",\"https:\\\/\\\/www.instagram.com\\\/tossacycling\\\/\"]}]}<\/script>\n<!-- \/ Yoast SEO plugin. -->","yoast_head_json":{"title":"PRO Bid\u00f3n 800ml Trasparente | TOSSA CYCLING","robots":{"index":"index","follow":"follow","max-snippet":"max-snippet:-1","max-image-preview":"max-image-preview:large","max-video-preview":"max-video-preview:-1"},"canonical":"https:\/\/tossacycling.com\/en\/shop\/marcas\/pro\/pro-bidon-800ml-trasparente\/","og_locale":"en_US","og_type":"article","og_title":"PRO Bid\u00f3n 800ml Trasparente | TOSSA CYCLING","og_description":"(Espa\u00f1ol) El bid\u00f3n PRO es un bid\u00f3n sin BPA que se adapta a todos los bidones est\u00e1ndar de 74 mil\u00edmetros. Est\u00e1 disponible en transparente o negro en tama\u00f1os de 600 mililitros y 800 mililitros.  RESUMEN    Bid\u00f3n sin BPA  Se adapta a todos los portabidones est\u00e1ndar de 74 mil\u00edmetros  Colores: transparente  Tama\u00f1os:\u00a0 800 ml","og_url":"https:\/\/tossacycling.com\/en\/shop\/marcas\/pro\/pro-bidon-800ml-trasparente\/","og_site_name":"TOSSA CYCLING","article_publisher":"https:\/\/www.facebook.com\/TossaCycling","article_modified_time":"2022-10-13T15:58:52+00:00","og_image":[{"width":524,"height":524,"url":"https:\/\/tossacycling.com\/wp-content\/uploads\/2022\/01\/pro_bt_bottle600_1.png","type":"image\/png"}],"twitter_card":"summary_large_image","schema":{"@context":"https:\/\/schema.org","@graph":[{"@type":["WebPage","ItemPage"],"@id":"https:\/\/tossacycling.com\/en\/shop\/marcas\/pro\/pro-bidon-800ml-trasparente\/","url":"https:\/\/tossacycling.com\/en\/shop\/marcas\/pro\/pro-bidon-800ml-trasparente\/","name":"PRO Bid\u00f3n 800ml Trasparente | TOSSA CYCLING","isPartOf":{"@id":"https:\/\/tossacycling.com\/en\/#website"},"primaryImageOfPage":{"@id":"https:\/\/tossacycling.com\/en\/shop\/marcas\/pro\/pro-bidon-800ml-trasparente\/#primaryimage"},"image":{"@id":"https:\/\/tossacycling.com\/shop\/marcas\/pro\/pro-bidon-800ml-trasparente\/#primaryimage"},"thumbnailUrl":"https:\/\/tossacycling.com\/wp-content\/uploads\/2022\/01\/pro_bt_bottle600_1.png","datePublished":"2022-01-28T13:07:36+00:00","dateModified":"2022-10-13T15:58:52+00:00","breadcrumb":{"@id":"https:\/\/tossacycling.com\/en\/shop\/marcas\/pro\/pro-bidon-800ml-trasparente\/#breadcrumb"},"inLanguage":"en-US","potentialAction":[{"@type":"ReadAction","target":[["https:\/\/tossacycling.com\/en\/shop\/marcas\/pro\/pro-bidon-800ml-trasparente\/"]]}]},{"@type":"ImageObject","inLanguage":"en-US","@id":"https:\/\/tossacycling.com\/en\/shop\/marcas\/pro\/pro-bidon-800ml-trasparente\/#primaryimage","url":"https:\/\/tossacycling.com\/wp-content\/uploads\/2022\/01\/pro_bt_bottle600_1.png","contentUrl":"https:\/\/tossacycling.com\/wp-content\/uploads\/2022\/01\/pro_bt_bottle600_1.png","width":524,"height":524},{"@type":"BreadcrumbList","@id":"https:\/\/tossacycling.com\/en\/shop\/marcas\/pro\/pro-bidon-800ml-trasparente\/#breadcrumb","itemListElement":[{"@type":"ListItem","position":1,"name":"Home","item":"https:\/\/tossacycling.com\/en\/"},{"@type":"ListItem","position":2,"name":"Shop","item":"https:\/\/tossacycling.com\/en\/shop\/"},{"@type":"ListItem","position":3,"name":"PRO Bid\u00f3n 800ml Trasparente"}]},{"@type":"WebSite","@id":"https:\/\/tossacycling.com\/en\/#website","url":"https:\/\/tossacycling.com\/en\/","name":"TOSSA CYCLING","description":"CYCLING &amp; GOOD VIBES","publisher":{"@id":"https:\/\/tossacycling.com\/en\/#organization"},"potentialAction":[{"@type":"SearchAction","target":{"@type":"EntryPoint","urlTemplate":"https:\/\/tossacycling.com\/en\/?s={search_term_string}"},"query-input":{"@type":"PropertyValueSpecification","valueRequired":true,"valueName":"search_term_string"}}],"inLanguage":"en-US"},{"@type":"Organization","@id":"https:\/\/tossacycling.com\/en\/#organization","name":"TOSSA CYCLING","url":"https:\/\/tossacycling.com\/en\/","logo":{"@type":"ImageObject","inLanguage":"en-US","@id":"https:\/\/tossacycling.com\/en\/#\/schema\/logo\/image\/","url":"https:\/\/tossacycling.com\/wp-content\/uploads\/2022\/02\/cropped-squareRecurso-2.png","contentUrl":"https:\/\/tossacycling.com\/wp-content\/uploads\/2022\/02\/cropped-squareRecurso-2.png","width":512,"height":512,"caption":"TOSSA CYCLING"},"image":{"@id":"https:\/\/tossacycling.com\/en\/#\/schema\/logo\/image\/"},"sameAs":["https:\/\/www.facebook.com\/TossaCycling","https:\/\/www.instagram.com\/tossacycling\/"]}]}},"_links":{"self":[{"href":"https:\/\/tossacycling.com\/en\/wp-json\/wp\/v2\/product\/10226","targetHints":{"allow":["GET"]}}],"collection":[{"href":"https:\/\/tossacycling.com\/en\/wp-json\/wp\/v2\/product"}],"about":[{"href":"https:\/\/tossacycling.com\/en\/wp-json\/wp\/v2\/types\/product"}],"wp:featuredmedia":[{"embeddable":true,"href":"https:\/\/tossacycling.com\/en\/wp-json\/wp\/v2\/media\/10227"}],"wp:attachment":[{"href":"https:\/\/tossacycling.com\/en\/wp-json\/wp\/v2\/media?parent=10226"}],"wp:term":[{"taxonomy":"product_brand","embeddable":true,"href":"https:\/\/tossacycling.com\/en\/wp-json\/wp\/v2\/product_brand?post=10226"},{"taxonomy":"product_cat","embeddable":true,"href":"https:\/\/tossacycling.com\/en\/wp-json\/wp\/v2\/product_cat?post=10226"},{"taxonomy":"product_tag","embeddable":true,"href":"https:\/\/tossacycling.com\/en\/wp-json\/wp\/v2\/product_tag?post=10226"}],"curies":[{"name":"wp","href":"https:\/\/api.w.org\/{rel}","templated":true}]}}