{"id":9141,"date":"2021-11-14T16:22:55","date_gmt":"2021-11-14T15:22:55","guid":{"rendered":"https:\/\/tossacycling.com\/?post_type=product&#038;p=9141"},"modified":"2022-03-09T20:37:53","modified_gmt":"2022-03-09T19:37:53","slug":"ptfe-grease-100ml","status":"publish","type":"product","link":"https:\/\/tossacycling.com\/en\/shop\/marcas\/motorex\/ptfe-grease-100ml\/","title":{"rendered":"PTFE grease &#8211; 100ml"},"content":{"rendered":"<p><\/p>\n<ul class=\"descrip\">\n<li>to grease headsets, bottom brackets, hubs, seat stays, elastomers in forks, stems and handlebars<\/li>\n<li>synthetic grease with micronized P.T.F.E. particles (Teflon)<\/li>\n<li>water repellent<\/li>\n<li>excellent friction coefficient that increases ball-bearing lifetime<\/li>\n<li>contains anti-rust additives<\/li>\n<li>white colour eases contamination analysis and potential ball-bearing wear and tear<\/li>\n<li>no oil and grease separation<\/li>\n<\/ul>\n<p><\/p>","protected":false},"excerpt":{"rendered":"<p>Grasa VAR PTFE 100 ml para los juegos de direcci\u00f3n, el pedalier, las horquillas con elast\u00f3meros, los bujes, las tijas y el manillar. Compuesta a base de aceites sint\u00e9ticos ricos en micropart\u00edculas de PTFE, lo que le otorga en un excelente coeficiente de fricci\u00f3n que aumenta la vida de los cojinetes. Contiene aditivos anticorrosivos y es resistente al agua.<\/p>\n","protected":false},"featured_media":9143,"template":"","meta":{"inline_featured_image":false},"product_brand":[],"product_cat":[110,57],"product_tag":[],"class_list":{"0":"post-9141","1":"product","2":"type-product","3":"status-publish","4":"has-post-thumbnail","6":"product_cat-maintenimiento","7":"product_cat-motorex","9":"first","10":"instock","11":"sale","12":"taxable","13":"shipping-taxable","14":"purchasable","15":"product-type-simple"},"booking_location":null,"booking_location_type":null,"booking_duration":null,"booking_duration_unit":null,"booking_buffer":null,"booking_cost":null,"booking_resources":null,"yoast_head":"<!-- This site is optimized with the Yoast SEO plugin v27.5 - https:\/\/yoast.com\/product\/yoast-seo-wordpress\/ -->\n<title>PTFE grease - 100ml | TOSSA CYCLING<\/title>\n<meta name=\"robots\" content=\"index, follow, max-snippet:-1, max-image-preview:large, max-video-preview:-1\" \/>\n<link rel=\"canonical\" href=\"https:\/\/tossacycling.com\/en\/shop\/marcas\/motorex\/ptfe-grease-100ml\/\" \/>\n<meta property=\"og:locale\" content=\"en_US\" \/>\n<meta property=\"og:type\" content=\"article\" \/>\n<meta property=\"og:title\" content=\"PTFE grease - 100ml | TOSSA CYCLING\" \/>\n<meta property=\"og:description\" content=\"Grasa VAR PTFE 100 ml para los juegos de direcci\u00f3n, el pedalier, las horquillas con elast\u00f3meros, los bujes, las tijas y el manillar. Compuesta a base de aceites sint\u00e9ticos ricos en micropart\u00edculas de PTFE, lo que le otorga en un excelente coeficiente de fricci\u00f3n que aumenta la vida de los cojinetes. Contiene aditivos anticorrosivos y es resistente al agua.\" \/>\n<meta property=\"og:url\" content=\"https:\/\/tossacycling.com\/en\/shop\/marcas\/motorex\/ptfe-grease-100ml\/\" \/>\n<meta property=\"og:site_name\" content=\"TOSSA CYCLING\" \/>\n<meta property=\"article:publisher\" content=\"https:\/\/www.facebook.com\/TossaCycling\" \/>\n<meta property=\"article:modified_time\" content=\"2022-03-09T19:37:53+00:00\" \/>\n<meta property=\"og:image\" content=\"https:\/\/tossacycling.com\/wp-content\/uploads\/2021\/11\/PTFE_grease_var.jpg\" \/>\n\t<meta property=\"og:image:width\" content=\"900\" \/>\n\t<meta property=\"og:image:height\" content=\"900\" \/>\n\t<meta property=\"og:image:type\" content=\"image\/jpeg\" \/>\n<meta name=\"twitter:card\" content=\"summary_large_image\" \/>\n<meta name=\"twitter:label1\" content=\"Est. reading time\" \/>\n\t<meta name=\"twitter:data1\" content=\"1 minute\" \/>\n<script type=\"application\/ld+json\" class=\"yoast-schema-graph\">{\"@context\":\"https:\\\/\\\/schema.org\",\"@graph\":[{\"@type\":[\"WebPage\",\"ItemPage\"],\"@id\":\"https:\\\/\\\/tossacycling.com\\\/en\\\/shop\\\/marcas\\\/motorex\\\/ptfe-grease-100ml\\\/\",\"url\":\"https:\\\/\\\/tossacycling.com\\\/en\\\/shop\\\/marcas\\\/motorex\\\/ptfe-grease-100ml\\\/\",\"name\":\"PTFE grease - 100ml | TOSSA CYCLING\",\"isPartOf\":{\"@id\":\"https:\\\/\\\/tossacycling.com\\\/en\\\/#website\"},\"primaryImageOfPage\":{\"@id\":\"https:\\\/\\\/tossacycling.com\\\/en\\\/shop\\\/marcas\\\/motorex\\\/ptfe-grease-100ml\\\/#primaryimage\"},\"image\":{\"@id\":\"https:\\\/\\\/tossacycling.com\\\/en\\\/shop\\\/marcas\\\/motorex\\\/ptfe-grease-100ml\\\/#primaryimage\"},\"thumbnailUrl\":\"https:\\\/\\\/tossacycling.com\\\/wp-content\\\/uploads\\\/2021\\\/11\\\/PTFE_grease_var.jpg\",\"datePublished\":\"2021-11-14T15:22:55+00:00\",\"dateModified\":\"2022-03-09T19:37:53+00:00\",\"breadcrumb\":{\"@id\":\"https:\\\/\\\/tossacycling.com\\\/en\\\/shop\\\/marcas\\\/motorex\\\/ptfe-grease-100ml\\\/#breadcrumb\"},\"inLanguage\":\"en-US\",\"potentialAction\":[{\"@type\":\"ReadAction\",\"target\":[[\"https:\\\/\\\/tossacycling.com\\\/en\\\/shop\\\/marcas\\\/motorex\\\/ptfe-grease-100ml\\\/\"]]}]},{\"@type\":\"ImageObject\",\"inLanguage\":\"en-US\",\"@id\":\"https:\\\/\\\/tossacycling.com\\\/en\\\/shop\\\/marcas\\\/motorex\\\/ptfe-grease-100ml\\\/#primaryimage\",\"url\":\"https:\\\/\\\/tossacycling.com\\\/wp-content\\\/uploads\\\/2021\\\/11\\\/PTFE_grease_var.jpg\",\"contentUrl\":\"https:\\\/\\\/tossacycling.com\\\/wp-content\\\/uploads\\\/2021\\\/11\\\/PTFE_grease_var.jpg\",\"width\":900,\"height\":900},{\"@type\":\"BreadcrumbList\",\"@id\":\"https:\\\/\\\/tossacycling.com\\\/en\\\/shop\\\/marcas\\\/motorex\\\/ptfe-grease-100ml\\\/#breadcrumb\",\"itemListElement\":[{\"@type\":\"ListItem\",\"position\":1,\"name\":\"Home\",\"item\":\"https:\\\/\\\/tossacycling.com\\\/en\\\/\"},{\"@type\":\"ListItem\",\"position\":2,\"name\":\"Shop\",\"item\":\"https:\\\/\\\/tossacycling.com\\\/en\\\/shop\\\/\"},{\"@type\":\"ListItem\",\"position\":3,\"name\":\"PTFE grease &#8211; 100ml\"}]},{\"@type\":\"WebSite\",\"@id\":\"https:\\\/\\\/tossacycling.com\\\/en\\\/#website\",\"url\":\"https:\\\/\\\/tossacycling.com\\\/en\\\/\",\"name\":\"TOSSA CYCLING\",\"description\":\"CYCLING &amp; GOOD VIBES\",\"publisher\":{\"@id\":\"https:\\\/\\\/tossacycling.com\\\/en\\\/#organization\"},\"potentialAction\":[{\"@type\":\"SearchAction\",\"target\":{\"@type\":\"EntryPoint\",\"urlTemplate\":\"https:\\\/\\\/tossacycling.com\\\/en\\\/?s={search_term_string}\"},\"query-input\":{\"@type\":\"PropertyValueSpecification\",\"valueRequired\":true,\"valueName\":\"search_term_string\"}}],\"inLanguage\":\"en-US\"},{\"@type\":\"Organization\",\"@id\":\"https:\\\/\\\/tossacycling.com\\\/en\\\/#organization\",\"name\":\"TOSSA CYCLING\",\"url\":\"https:\\\/\\\/tossacycling.com\\\/en\\\/\",\"logo\":{\"@type\":\"ImageObject\",\"inLanguage\":\"en-US\",\"@id\":\"https:\\\/\\\/tossacycling.com\\\/en\\\/#\\\/schema\\\/logo\\\/image\\\/\",\"url\":\"https:\\\/\\\/tossacycling.com\\\/wp-content\\\/uploads\\\/2022\\\/02\\\/cropped-squareRecurso-2.png\",\"contentUrl\":\"https:\\\/\\\/tossacycling.com\\\/wp-content\\\/uploads\\\/2022\\\/02\\\/cropped-squareRecurso-2.png\",\"width\":512,\"height\":512,\"caption\":\"TOSSA CYCLING\"},\"image\":{\"@id\":\"https:\\\/\\\/tossacycling.com\\\/en\\\/#\\\/schema\\\/logo\\\/image\\\/\"},\"sameAs\":[\"https:\\\/\\\/www.facebook.com\\\/TossaCycling\",\"https:\\\/\\\/www.instagram.com\\\/tossacycling\\\/\"]}]}<\/script>\n<!-- \/ Yoast SEO plugin. -->","yoast_head_json":{"title":"PTFE grease - 100ml | TOSSA CYCLING","robots":{"index":"index","follow":"follow","max-snippet":"max-snippet:-1","max-image-preview":"max-image-preview:large","max-video-preview":"max-video-preview:-1"},"canonical":"https:\/\/tossacycling.com\/en\/shop\/marcas\/motorex\/ptfe-grease-100ml\/","og_locale":"en_US","og_type":"article","og_title":"PTFE grease - 100ml | TOSSA CYCLING","og_description":"Grasa VAR PTFE 100 ml para los juegos de direcci\u00f3n, el pedalier, las horquillas con elast\u00f3meros, los bujes, las tijas y el manillar. Compuesta a base de aceites sint\u00e9ticos ricos en micropart\u00edculas de PTFE, lo que le otorga en un excelente coeficiente de fricci\u00f3n que aumenta la vida de los cojinetes. Contiene aditivos anticorrosivos y es resistente al agua.","og_url":"https:\/\/tossacycling.com\/en\/shop\/marcas\/motorex\/ptfe-grease-100ml\/","og_site_name":"TOSSA CYCLING","article_publisher":"https:\/\/www.facebook.com\/TossaCycling","article_modified_time":"2022-03-09T19:37:53+00:00","og_image":[{"width":900,"height":900,"url":"https:\/\/tossacycling.com\/wp-content\/uploads\/2021\/11\/PTFE_grease_var.jpg","type":"image\/jpeg"}],"twitter_card":"summary_large_image","twitter_misc":{"Est. reading time":"1 minute"},"schema":{"@context":"https:\/\/schema.org","@graph":[{"@type":["WebPage","ItemPage"],"@id":"https:\/\/tossacycling.com\/en\/shop\/marcas\/motorex\/ptfe-grease-100ml\/","url":"https:\/\/tossacycling.com\/en\/shop\/marcas\/motorex\/ptfe-grease-100ml\/","name":"PTFE grease - 100ml | TOSSA CYCLING","isPartOf":{"@id":"https:\/\/tossacycling.com\/en\/#website"},"primaryImageOfPage":{"@id":"https:\/\/tossacycling.com\/en\/shop\/marcas\/motorex\/ptfe-grease-100ml\/#primaryimage"},"image":{"@id":"https:\/\/tossacycling.com\/en\/shop\/marcas\/motorex\/ptfe-grease-100ml\/#primaryimage"},"thumbnailUrl":"https:\/\/tossacycling.com\/wp-content\/uploads\/2021\/11\/PTFE_grease_var.jpg","datePublished":"2021-11-14T15:22:55+00:00","dateModified":"2022-03-09T19:37:53+00:00","breadcrumb":{"@id":"https:\/\/tossacycling.com\/en\/shop\/marcas\/motorex\/ptfe-grease-100ml\/#breadcrumb"},"inLanguage":"en-US","potentialAction":[{"@type":"ReadAction","target":[["https:\/\/tossacycling.com\/en\/shop\/marcas\/motorex\/ptfe-grease-100ml\/"]]}]},{"@type":"ImageObject","inLanguage":"en-US","@id":"https:\/\/tossacycling.com\/en\/shop\/marcas\/motorex\/ptfe-grease-100ml\/#primaryimage","url":"https:\/\/tossacycling.com\/wp-content\/uploads\/2021\/11\/PTFE_grease_var.jpg","contentUrl":"https:\/\/tossacycling.com\/wp-content\/uploads\/2021\/11\/PTFE_grease_var.jpg","width":900,"height":900},{"@type":"BreadcrumbList","@id":"https:\/\/tossacycling.com\/en\/shop\/marcas\/motorex\/ptfe-grease-100ml\/#breadcrumb","itemListElement":[{"@type":"ListItem","position":1,"name":"Home","item":"https:\/\/tossacycling.com\/en\/"},{"@type":"ListItem","position":2,"name":"Shop","item":"https:\/\/tossacycling.com\/en\/shop\/"},{"@type":"ListItem","position":3,"name":"PTFE grease &#8211; 100ml"}]},{"@type":"WebSite","@id":"https:\/\/tossacycling.com\/en\/#website","url":"https:\/\/tossacycling.com\/en\/","name":"TOSSA CYCLING","description":"CYCLING &amp; GOOD VIBES","publisher":{"@id":"https:\/\/tossacycling.com\/en\/#organization"},"potentialAction":[{"@type":"SearchAction","target":{"@type":"EntryPoint","urlTemplate":"https:\/\/tossacycling.com\/en\/?s={search_term_string}"},"query-input":{"@type":"PropertyValueSpecification","valueRequired":true,"valueName":"search_term_string"}}],"inLanguage":"en-US"},{"@type":"Organization","@id":"https:\/\/tossacycling.com\/en\/#organization","name":"TOSSA CYCLING","url":"https:\/\/tossacycling.com\/en\/","logo":{"@type":"ImageObject","inLanguage":"en-US","@id":"https:\/\/tossacycling.com\/en\/#\/schema\/logo\/image\/","url":"https:\/\/tossacycling.com\/wp-content\/uploads\/2022\/02\/cropped-squareRecurso-2.png","contentUrl":"https:\/\/tossacycling.com\/wp-content\/uploads\/2022\/02\/cropped-squareRecurso-2.png","width":512,"height":512,"caption":"TOSSA CYCLING"},"image":{"@id":"https:\/\/tossacycling.com\/en\/#\/schema\/logo\/image\/"},"sameAs":["https:\/\/www.facebook.com\/TossaCycling","https:\/\/www.instagram.com\/tossacycling\/"]}]}},"_links":{"self":[{"href":"https:\/\/tossacycling.com\/en\/wp-json\/wp\/v2\/product\/9141","targetHints":{"allow":["GET"]}}],"collection":[{"href":"https:\/\/tossacycling.com\/en\/wp-json\/wp\/v2\/product"}],"about":[{"href":"https:\/\/tossacycling.com\/en\/wp-json\/wp\/v2\/types\/product"}],"wp:featuredmedia":[{"embeddable":true,"href":"https:\/\/tossacycling.com\/en\/wp-json\/wp\/v2\/media\/9143"}],"wp:attachment":[{"href":"https:\/\/tossacycling.com\/en\/wp-json\/wp\/v2\/media?parent=9141"}],"wp:term":[{"taxonomy":"product_brand","embeddable":true,"href":"https:\/\/tossacycling.com\/en\/wp-json\/wp\/v2\/product_brand?post=9141"},{"taxonomy":"product_cat","embeddable":true,"href":"https:\/\/tossacycling.com\/en\/wp-json\/wp\/v2\/product_cat?post=9141"},{"taxonomy":"product_tag","embeddable":true,"href":"https:\/\/tossacycling.com\/en\/wp-json\/wp\/v2\/product_tag?post=9141"}],"curies":[{"name":"wp","href":"https:\/\/api.w.org\/{rel}","templated":true}]}}