{"id":9646,"date":"2022-01-08T12:50:10","date_gmt":"2022-01-08T11:50:10","guid":{"rendered":"https:\/\/tossacycling.com\/shop\/mwhte-ml-product-variation-2\/"},"modified":"2022-12-22T10:41:38","modified_gmt":"2022-12-22T09:41:38","slug":"dissender-mips","status":"publish","type":"product","link":"https:\/\/tossacycling.com\/en\/shop\/marcas\/sweet-protection\/dissender-mips\/","title":{"rendered":"Dissenter Mips Helmet"},"content":{"rendered":"<p><\/p>\n<div class=\"product-description\">\n<div class=\"product-description\">\n<p>El Dissenter es un casco con una buena relaci\u00f3n calidad-precio, que se beneficia enormemente de nuestra investigaci\u00f3n y desarrollo en los cascos de gama alta. Una carcasa de policarbonato de una sola pieza, la tecnolog\u00eda in-mold y la geometr\u00eda probada de Sweet Protection se combinan para proporcionar una cobertura all-mountain en un paquete de bajo peso y bajo perfil. Este modelo est\u00e1 equipado con el sistema de protecci\u00f3n cerebral Mips, una soluci\u00f3n de capa de baja fricci\u00f3n dise\u00f1ada para reducir las fuerzas de rotaci\u00f3n transferidas al cerebro.<\/p>\n<ul>\n<li>Casco todoterreno<\/li>\n<li>C\u00f3modo<\/li>\n<li>Muy ventilado<\/li>\n<li>Occigrip<\/li>\n<li>Ligero<\/li>\n<li>La compra incluye las almohadillas Comfort Pads en dos grosores diferentes para una m\u00e1xima personalizaci\u00f3n y la bolsa para el casco<\/li>\n<\/ul>\n<\/div>\n<\/div>\n<p><\/p>","protected":false},"excerpt":{"rendered":"<p>An amazing allround helmet suitable for all kinds of mountain biking. This model is equipped with Mips, a technology that reduces rotational forces on the brain<\/p>\n","protected":false},"featured_media":9694,"template":"","meta":{"inline_featured_image":false},"product_brand":[],"product_cat":[111,40,210,113],"product_tag":[],"class_list":{"0":"post-9646","1":"product","2":"type-product","3":"status-publish","4":"has-post-thumbnail","6":"product_cat-cascos","7":"product_cat-marcas","8":"product_cat-outlet","9":"product_cat-sweet-protection","11":"first","12":"instock","13":"taxable","14":"shipping-taxable","15":"purchasable","16":"product-type-variable","17":"has-default-attributes"},"booking_location":null,"booking_location_type":null,"booking_duration":null,"booking_duration_unit":null,"booking_buffer":null,"booking_cost":null,"booking_resources":null,"yoast_head":"<!-- This site is optimized with the Yoast SEO plugin v27.5 - https:\/\/yoast.com\/product\/yoast-seo-wordpress\/ -->\n<title>Dissenter Mips Helmet | TOSSA CYCLING<\/title>\n<meta name=\"robots\" content=\"index, follow, max-snippet:-1, max-image-preview:large, max-video-preview:-1\" \/>\n<link rel=\"canonical\" href=\"https:\/\/tossacycling.com\/en\/shop\/marcas\/sweet-protection\/dissender-mips\/\" \/>\n<meta property=\"og:locale\" content=\"en_US\" \/>\n<meta property=\"og:type\" content=\"article\" \/>\n<meta property=\"og:title\" content=\"Dissenter Mips Helmet | TOSSA CYCLING\" \/>\n<meta property=\"og:description\" content=\"An amazing allround helmet suitable for all kinds of mountain biking. This model is equipped with Mips, a technology that reduces rotational forces on the brain\" \/>\n<meta property=\"og:url\" content=\"https:\/\/tossacycling.com\/en\/shop\/marcas\/sweet-protection\/dissender-mips\/\" \/>\n<meta property=\"og:site_name\" content=\"TOSSA CYCLING\" \/>\n<meta property=\"article:publisher\" content=\"https:\/\/www.facebook.com\/TossaCycling\" \/>\n<meta property=\"article:modified_time\" content=\"2022-12-22T09:41:38+00:00\" \/>\n<meta property=\"og:image\" content=\"https:\/\/tossacycling.com\/wp-content\/uploads\/2022\/01\/sweet-protection-dissenter-mips-helmet-matte-white-1-991384.jpg\" \/>\n\t<meta property=\"og:image:width\" content=\"720\" \/>\n\t<meta property=\"og:image:height\" content=\"720\" \/>\n\t<meta property=\"og:image:type\" content=\"image\/jpeg\" \/>\n<meta name=\"twitter:card\" content=\"summary_large_image\" \/>\n<meta name=\"twitter:label1\" content=\"Est. reading time\" \/>\n\t<meta name=\"twitter:data1\" content=\"2 minutes\" \/>\n<script type=\"application\/ld+json\" class=\"yoast-schema-graph\">{\"@context\":\"https:\\\/\\\/schema.org\",\"@graph\":[{\"@type\":[\"WebPage\",\"ItemPage\"],\"@id\":\"https:\\\/\\\/tossacycling.com\\\/en\\\/shop\\\/marcas\\\/sweet-protection\\\/dissender-mips\\\/\",\"url\":\"https:\\\/\\\/tossacycling.com\\\/en\\\/shop\\\/marcas\\\/sweet-protection\\\/dissender-mips\\\/\",\"name\":\"Dissenter Mips Helmet | TOSSA CYCLING\",\"isPartOf\":{\"@id\":\"https:\\\/\\\/tossacycling.com\\\/en\\\/#website\"},\"primaryImageOfPage\":{\"@id\":\"https:\\\/\\\/tossacycling.com\\\/en\\\/shop\\\/marcas\\\/sweet-protection\\\/dissender-mips\\\/#primaryimage\"},\"image\":{\"@id\":\"https:\\\/\\\/tossacycling.com\\\/shop\\\/marcas\\\/sweet-protection\\\/dissender-mips\\\/#primaryimage\"},\"thumbnailUrl\":\"https:\\\/\\\/tossacycling.com\\\/wp-content\\\/uploads\\\/2022\\\/01\\\/sweet-protection-dissenter-mips-helmet-matte-white-1-991384.jpg\",\"datePublished\":\"2022-01-08T11:50:10+00:00\",\"dateModified\":\"2022-12-22T09:41:38+00:00\",\"breadcrumb\":{\"@id\":\"https:\\\/\\\/tossacycling.com\\\/en\\\/shop\\\/marcas\\\/sweet-protection\\\/dissender-mips\\\/#breadcrumb\"},\"inLanguage\":\"en-US\",\"potentialAction\":[{\"@type\":\"ReadAction\",\"target\":[[\"https:\\\/\\\/tossacycling.com\\\/en\\\/shop\\\/marcas\\\/sweet-protection\\\/dissender-mips\\\/\"]]}]},{\"@type\":\"ImageObject\",\"inLanguage\":\"en-US\",\"@id\":\"https:\\\/\\\/tossacycling.com\\\/en\\\/shop\\\/marcas\\\/sweet-protection\\\/dissender-mips\\\/#primaryimage\",\"url\":\"https:\\\/\\\/tossacycling.com\\\/wp-content\\\/uploads\\\/2022\\\/01\\\/sweet-protection-dissenter-mips-helmet-matte-white-1-991384.jpg\",\"contentUrl\":\"https:\\\/\\\/tossacycling.com\\\/wp-content\\\/uploads\\\/2022\\\/01\\\/sweet-protection-dissenter-mips-helmet-matte-white-1-991384.jpg\",\"width\":720,\"height\":720},{\"@type\":\"BreadcrumbList\",\"@id\":\"https:\\\/\\\/tossacycling.com\\\/en\\\/shop\\\/marcas\\\/sweet-protection\\\/dissender-mips\\\/#breadcrumb\",\"itemListElement\":[{\"@type\":\"ListItem\",\"position\":1,\"name\":\"Home\",\"item\":\"https:\\\/\\\/tossacycling.com\\\/en\\\/\"},{\"@type\":\"ListItem\",\"position\":2,\"name\":\"Shop\",\"item\":\"https:\\\/\\\/tossacycling.com\\\/en\\\/shop\\\/\"},{\"@type\":\"ListItem\",\"position\":3,\"name\":\"Dissenter Mips Helmet\"}]},{\"@type\":\"WebSite\",\"@id\":\"https:\\\/\\\/tossacycling.com\\\/en\\\/#website\",\"url\":\"https:\\\/\\\/tossacycling.com\\\/en\\\/\",\"name\":\"TOSSA CYCLING\",\"description\":\"CYCLING &amp; GOOD VIBES\",\"publisher\":{\"@id\":\"https:\\\/\\\/tossacycling.com\\\/en\\\/#organization\"},\"potentialAction\":[{\"@type\":\"SearchAction\",\"target\":{\"@type\":\"EntryPoint\",\"urlTemplate\":\"https:\\\/\\\/tossacycling.com\\\/en\\\/?s={search_term_string}\"},\"query-input\":{\"@type\":\"PropertyValueSpecification\",\"valueRequired\":true,\"valueName\":\"search_term_string\"}}],\"inLanguage\":\"en-US\"},{\"@type\":\"Organization\",\"@id\":\"https:\\\/\\\/tossacycling.com\\\/en\\\/#organization\",\"name\":\"TOSSA CYCLING\",\"url\":\"https:\\\/\\\/tossacycling.com\\\/en\\\/\",\"logo\":{\"@type\":\"ImageObject\",\"inLanguage\":\"en-US\",\"@id\":\"https:\\\/\\\/tossacycling.com\\\/en\\\/#\\\/schema\\\/logo\\\/image\\\/\",\"url\":\"https:\\\/\\\/tossacycling.com\\\/wp-content\\\/uploads\\\/2022\\\/02\\\/cropped-squareRecurso-2.png\",\"contentUrl\":\"https:\\\/\\\/tossacycling.com\\\/wp-content\\\/uploads\\\/2022\\\/02\\\/cropped-squareRecurso-2.png\",\"width\":512,\"height\":512,\"caption\":\"TOSSA CYCLING\"},\"image\":{\"@id\":\"https:\\\/\\\/tossacycling.com\\\/en\\\/#\\\/schema\\\/logo\\\/image\\\/\"},\"sameAs\":[\"https:\\\/\\\/www.facebook.com\\\/TossaCycling\",\"https:\\\/\\\/www.instagram.com\\\/tossacycling\\\/\"]}]}<\/script>\n<!-- \/ Yoast SEO plugin. -->","yoast_head_json":{"title":"Dissenter Mips Helmet | TOSSA CYCLING","robots":{"index":"index","follow":"follow","max-snippet":"max-snippet:-1","max-image-preview":"max-image-preview:large","max-video-preview":"max-video-preview:-1"},"canonical":"https:\/\/tossacycling.com\/en\/shop\/marcas\/sweet-protection\/dissender-mips\/","og_locale":"en_US","og_type":"article","og_title":"Dissenter Mips Helmet | TOSSA CYCLING","og_description":"An amazing allround helmet suitable for all kinds of mountain biking. This model is equipped with Mips, a technology that reduces rotational forces on the brain","og_url":"https:\/\/tossacycling.com\/en\/shop\/marcas\/sweet-protection\/dissender-mips\/","og_site_name":"TOSSA CYCLING","article_publisher":"https:\/\/www.facebook.com\/TossaCycling","article_modified_time":"2022-12-22T09:41:38+00:00","og_image":[{"width":720,"height":720,"url":"https:\/\/tossacycling.com\/wp-content\/uploads\/2022\/01\/sweet-protection-dissenter-mips-helmet-matte-white-1-991384.jpg","type":"image\/jpeg"}],"twitter_card":"summary_large_image","twitter_misc":{"Est. reading time":"2 minutes"},"schema":{"@context":"https:\/\/schema.org","@graph":[{"@type":["WebPage","ItemPage"],"@id":"https:\/\/tossacycling.com\/en\/shop\/marcas\/sweet-protection\/dissender-mips\/","url":"https:\/\/tossacycling.com\/en\/shop\/marcas\/sweet-protection\/dissender-mips\/","name":"Dissenter Mips Helmet | TOSSA CYCLING","isPartOf":{"@id":"https:\/\/tossacycling.com\/en\/#website"},"primaryImageOfPage":{"@id":"https:\/\/tossacycling.com\/en\/shop\/marcas\/sweet-protection\/dissender-mips\/#primaryimage"},"image":{"@id":"https:\/\/tossacycling.com\/shop\/marcas\/sweet-protection\/dissender-mips\/#primaryimage"},"thumbnailUrl":"https:\/\/tossacycling.com\/wp-content\/uploads\/2022\/01\/sweet-protection-dissenter-mips-helmet-matte-white-1-991384.jpg","datePublished":"2022-01-08T11:50:10+00:00","dateModified":"2022-12-22T09:41:38+00:00","breadcrumb":{"@id":"https:\/\/tossacycling.com\/en\/shop\/marcas\/sweet-protection\/dissender-mips\/#breadcrumb"},"inLanguage":"en-US","potentialAction":[{"@type":"ReadAction","target":[["https:\/\/tossacycling.com\/en\/shop\/marcas\/sweet-protection\/dissender-mips\/"]]}]},{"@type":"ImageObject","inLanguage":"en-US","@id":"https:\/\/tossacycling.com\/en\/shop\/marcas\/sweet-protection\/dissender-mips\/#primaryimage","url":"https:\/\/tossacycling.com\/wp-content\/uploads\/2022\/01\/sweet-protection-dissenter-mips-helmet-matte-white-1-991384.jpg","contentUrl":"https:\/\/tossacycling.com\/wp-content\/uploads\/2022\/01\/sweet-protection-dissenter-mips-helmet-matte-white-1-991384.jpg","width":720,"height":720},{"@type":"BreadcrumbList","@id":"https:\/\/tossacycling.com\/en\/shop\/marcas\/sweet-protection\/dissender-mips\/#breadcrumb","itemListElement":[{"@type":"ListItem","position":1,"name":"Home","item":"https:\/\/tossacycling.com\/en\/"},{"@type":"ListItem","position":2,"name":"Shop","item":"https:\/\/tossacycling.com\/en\/shop\/"},{"@type":"ListItem","position":3,"name":"Dissenter Mips Helmet"}]},{"@type":"WebSite","@id":"https:\/\/tossacycling.com\/en\/#website","url":"https:\/\/tossacycling.com\/en\/","name":"TOSSA CYCLING","description":"CYCLING &amp; GOOD VIBES","publisher":{"@id":"https:\/\/tossacycling.com\/en\/#organization"},"potentialAction":[{"@type":"SearchAction","target":{"@type":"EntryPoint","urlTemplate":"https:\/\/tossacycling.com\/en\/?s={search_term_string}"},"query-input":{"@type":"PropertyValueSpecification","valueRequired":true,"valueName":"search_term_string"}}],"inLanguage":"en-US"},{"@type":"Organization","@id":"https:\/\/tossacycling.com\/en\/#organization","name":"TOSSA CYCLING","url":"https:\/\/tossacycling.com\/en\/","logo":{"@type":"ImageObject","inLanguage":"en-US","@id":"https:\/\/tossacycling.com\/en\/#\/schema\/logo\/image\/","url":"https:\/\/tossacycling.com\/wp-content\/uploads\/2022\/02\/cropped-squareRecurso-2.png","contentUrl":"https:\/\/tossacycling.com\/wp-content\/uploads\/2022\/02\/cropped-squareRecurso-2.png","width":512,"height":512,"caption":"TOSSA CYCLING"},"image":{"@id":"https:\/\/tossacycling.com\/en\/#\/schema\/logo\/image\/"},"sameAs":["https:\/\/www.facebook.com\/TossaCycling","https:\/\/www.instagram.com\/tossacycling\/"]}]}},"_links":{"self":[{"href":"https:\/\/tossacycling.com\/en\/wp-json\/wp\/v2\/product\/9646","targetHints":{"allow":["GET"]}}],"collection":[{"href":"https:\/\/tossacycling.com\/en\/wp-json\/wp\/v2\/product"}],"about":[{"href":"https:\/\/tossacycling.com\/en\/wp-json\/wp\/v2\/types\/product"}],"wp:featuredmedia":[{"embeddable":true,"href":"https:\/\/tossacycling.com\/en\/wp-json\/wp\/v2\/media\/9694"}],"wp:attachment":[{"href":"https:\/\/tossacycling.com\/en\/wp-json\/wp\/v2\/media?parent=9646"}],"wp:term":[{"taxonomy":"product_brand","embeddable":true,"href":"https:\/\/tossacycling.com\/en\/wp-json\/wp\/v2\/product_brand?post=9646"},{"taxonomy":"product_cat","embeddable":true,"href":"https:\/\/tossacycling.com\/en\/wp-json\/wp\/v2\/product_cat?post=9646"},{"taxonomy":"product_tag","embeddable":true,"href":"https:\/\/tossacycling.com\/en\/wp-json\/wp\/v2\/product_tag?post=9646"}],"curies":[{"name":"wp","href":"https:\/\/api.w.org\/{rel}","templated":true}]}}