{"id":9862,"date":"2022-01-13T11:22:09","date_gmt":"2022-01-13T10:22:09","guid":{"rendered":"https:\/\/tossacycling.com\/shop\/camara-tubolito-s-tubo-cx-gravel-all-sv60\/"},"modified":"2024-02-07T18:43:23","modified_gmt":"2024-02-07T17:43:23","slug":"camara-tubolito-s-tubo-cx-gravel-all-sv60","status":"publish","type":"product","link":"https:\/\/tossacycling.com\/en\/shop\/marcas\/tubolito\/camara-tubolito-s-tubo-cx-gravel-all-sv60\/","title":{"rendered":"TUBOLITO S-TUBO-CX\/GRAVEL-ALL SV60"},"content":{"rendered":"","protected":false},"excerpt":{"rendered":"<p class=\"qtranxs-available-languages-message qtranxs-available-languages-message-en\">Sorry, this entry is only available in <a href=\"https:\/\/tossacycling.com\/es\/wp-json\/wp\/v2\/product\/9862\" class=\"qtranxs-available-language-link qtranxs-available-language-link-es\" title=\"Espa\u00f1ol\">Espa\u00f1ol<\/a>.<\/p>\n<p>No s\u00f3lo de repuesto: desarrollado para caber en cualquier bolsillo peque\u00f1o, y s\u00f3lo 35 gramos de peso. Debido a su muy peque\u00f1o tama\u00f1o cuando est\u00e1 empaquetado, S-Tubo-CX\/Gravel es la c\u00e1mara de repuesto ideal para todos los neum\u00e1ticos de di\u00e1metro 700c y 650B y un ancho de 30mm a 47mm. Sin embargo, no s\u00f3lo es un salvador cuando lo necesitas, sino que puede ser utilizado perfectamente en el d\u00eda a d\u00eda, ya que sigue siendo tan robusto como las c\u00e1maras est\u00e1ndar. Tambi\u00e9n, los restos de l\u00edquidos para tubeless no le hacen ning\u00fan da\u00f1o. Dada su baja resistencia al rodaje, puede convertirse en una ventaja decisiva en las competencias. Est\u00e1 disponible con v\u00e1lvulas Presta de 42mm (35 gramos) y 60mm (36 gramos) y es adecuado para frenos a disco.<\/p>\n<h4>60MM<\/h4>\n<table>\n<tbody>\n<tr>\n<th>Weight<\/th>\n<td>36 G<\/td>\n<\/tr>\n<tr>\n<th>Tire width<\/th>\n<td>30 \u2013 47 mm<\/td>\n<\/tr>\n<tr>\n<th>Valve<\/th>\n<td>60MM SV Orange<\/td>\n<\/tr>\n<\/tbody>\n<\/table>\n","protected":false},"featured_media":9906,"template":"","meta":{"inline_featured_image":false},"product_brand":[],"product_cat":[40,163,126],"product_tag":[],"class_list":{"0":"post-9862","1":"product","2":"type-product","3":"status-publish","4":"has-post-thumbnail","6":"product_cat-marcas","7":"product_cat-recambios","8":"product_cat-tubolito","10":"first","11":"instock","12":"taxable","13":"shipping-taxable","14":"purchasable","15":"product-type-simple"},"booking_location":null,"booking_location_type":null,"booking_duration":null,"booking_duration_unit":null,"booking_buffer":null,"booking_cost":null,"booking_resources":null,"yoast_head":"<!-- This site is optimized with the Yoast SEO plugin v27.3 - https:\/\/yoast.com\/product\/yoast-seo-wordpress\/ -->\n<title>TUBOLITO S-TUBO-CX\/GRAVEL-ALL SV60 | TOSSA CYCLING<\/title>\n<meta name=\"robots\" content=\"index, follow, max-snippet:-1, max-image-preview:large, max-video-preview:-1\" \/>\n<link rel=\"canonical\" href=\"https:\/\/tossacycling.com\/en\/shop\/marcas\/tubolito\/camara-tubolito-s-tubo-cx-gravel-all-sv60\/\" \/>\n<meta property=\"og:locale\" content=\"en_US\" \/>\n<meta property=\"og:type\" content=\"article\" \/>\n<meta property=\"og:title\" content=\"TUBOLITO S-TUBO-CX\/GRAVEL-ALL SV60 | TOSSA CYCLING\" \/>\n<meta property=\"og:description\" content=\"(Espa\u00f1ol) No s\u00f3lo de repuesto: desarrollado para caber en cualquier bolsillo peque\u00f1o, y s\u00f3lo 35 gramos de peso. Debido a su muy peque\u00f1o tama\u00f1o cuando est\u00e1 empaquetado, S-Tubo-CX\/Gravel es la c\u00e1mara de repuesto ideal para todos los neum\u00e1ticos de di\u00e1metro 700c y 650B y un ancho de 30mm a 47mm. Sin embargo, no s\u00f3lo es un salvador cuando lo necesitas, sino que puede ser utilizado perfectamente en el d\u00eda a d\u00eda, ya que sigue siendo tan robusto como las c\u00e1maras est\u00e1ndar. Tambi\u00e9n, los restos de l\u00edquidos para tubeless no le hacen ning\u00fan da\u00f1o. Dada su baja resistencia al rodaje, puede convertirse en una ventaja decisiva en las competencias. Est\u00e1 disponible con v\u00e1lvulas Presta de 42mm (35 gramos) y 60mm (36 gramos) y es adecuado para frenos a disco. 60MM    Weight 36 G   Tire width 30 \u2013 47 mm   Valve 60MM SV Orange\" \/>\n<meta property=\"og:url\" content=\"https:\/\/tossacycling.com\/en\/shop\/marcas\/tubolito\/camara-tubolito-s-tubo-cx-gravel-all-sv60\/\" \/>\n<meta property=\"og:site_name\" content=\"TOSSA CYCLING\" \/>\n<meta property=\"article:publisher\" content=\"https:\/\/www.facebook.com\/TossaCycling\" \/>\n<meta property=\"article:modified_time\" content=\"2024-02-07T17:43:23+00:00\" \/>\n<meta property=\"og:image\" content=\"https:\/\/tossacycling.com\/wp-content\/uploads\/2022\/01\/tubolito-camara-aire-s-cx-presta-60-mm.jpg\" \/>\n\t<meta property=\"og:image:width\" content=\"1000\" \/>\n\t<meta property=\"og:image:height\" content=\"1000\" \/>\n\t<meta property=\"og:image:type\" content=\"image\/jpeg\" \/>\n<meta name=\"twitter:card\" content=\"summary_large_image\" \/>\n<script type=\"application\/ld+json\" class=\"yoast-schema-graph\">{\"@context\":\"https:\\\/\\\/schema.org\",\"@graph\":[{\"@type\":[\"WebPage\",\"ItemPage\"],\"@id\":\"https:\\\/\\\/tossacycling.com\\\/en\\\/shop\\\/marcas\\\/tubolito\\\/camara-tubolito-s-tubo-cx-gravel-all-sv60\\\/\",\"url\":\"https:\\\/\\\/tossacycling.com\\\/en\\\/shop\\\/marcas\\\/tubolito\\\/camara-tubolito-s-tubo-cx-gravel-all-sv60\\\/\",\"name\":\"TUBOLITO S-TUBO-CX\\\/GRAVEL-ALL SV60 | TOSSA CYCLING\",\"isPartOf\":{\"@id\":\"https:\\\/\\\/tossacycling.com\\\/en\\\/#website\"},\"primaryImageOfPage\":{\"@id\":\"https:\\\/\\\/tossacycling.com\\\/en\\\/shop\\\/marcas\\\/tubolito\\\/camara-tubolito-s-tubo-cx-gravel-all-sv60\\\/#primaryimage\"},\"image\":{\"@id\":\"https:\\\/\\\/tossacycling.com\\\/en\\\/shop\\\/marcas\\\/tubolito\\\/camara-tubolito-s-tubo-cx-gravel-all-sv60\\\/#primaryimage\"},\"thumbnailUrl\":\"https:\\\/\\\/tossacycling.com\\\/wp-content\\\/uploads\\\/2022\\\/01\\\/tubolito-camara-aire-s-cx-presta-60-mm.jpg\",\"datePublished\":\"2022-01-13T10:22:09+00:00\",\"dateModified\":\"2024-02-07T17:43:23+00:00\",\"breadcrumb\":{\"@id\":\"https:\\\/\\\/tossacycling.com\\\/en\\\/shop\\\/marcas\\\/tubolito\\\/camara-tubolito-s-tubo-cx-gravel-all-sv60\\\/#breadcrumb\"},\"inLanguage\":\"en-US\",\"potentialAction\":[{\"@type\":\"ReadAction\",\"target\":[[\"https:\\\/\\\/tossacycling.com\\\/en\\\/shop\\\/marcas\\\/tubolito\\\/camara-tubolito-s-tubo-cx-gravel-all-sv60\\\/\"]]}]},{\"@type\":\"ImageObject\",\"inLanguage\":\"en-US\",\"@id\":\"https:\\\/\\\/tossacycling.com\\\/en\\\/shop\\\/marcas\\\/tubolito\\\/camara-tubolito-s-tubo-cx-gravel-all-sv60\\\/#primaryimage\",\"url\":\"https:\\\/\\\/tossacycling.com\\\/wp-content\\\/uploads\\\/2022\\\/01\\\/tubolito-camara-aire-s-cx-presta-60-mm.jpg\",\"contentUrl\":\"https:\\\/\\\/tossacycling.com\\\/wp-content\\\/uploads\\\/2022\\\/01\\\/tubolito-camara-aire-s-cx-presta-60-mm.jpg\",\"width\":1000,\"height\":1000},{\"@type\":\"BreadcrumbList\",\"@id\":\"https:\\\/\\\/tossacycling.com\\\/en\\\/shop\\\/marcas\\\/tubolito\\\/camara-tubolito-s-tubo-cx-gravel-all-sv60\\\/#breadcrumb\",\"itemListElement\":[{\"@type\":\"ListItem\",\"position\":1,\"name\":\"Home\",\"item\":\"https:\\\/\\\/tossacycling.com\\\/en\\\/\"},{\"@type\":\"ListItem\",\"position\":2,\"name\":\"Shop\",\"item\":\"https:\\\/\\\/tossacycling.com\\\/en\\\/shop\\\/\"},{\"@type\":\"ListItem\",\"position\":3,\"name\":\"TUBOLITO S-TUBO-CX\\\/GRAVEL-ALL SV60\"}]},{\"@type\":\"WebSite\",\"@id\":\"https:\\\/\\\/tossacycling.com\\\/en\\\/#website\",\"url\":\"https:\\\/\\\/tossacycling.com\\\/en\\\/\",\"name\":\"TOSSA CYCLING\",\"description\":\"CYCLING &amp; GOOD VIBES\",\"publisher\":{\"@id\":\"https:\\\/\\\/tossacycling.com\\\/en\\\/#organization\"},\"potentialAction\":[{\"@type\":\"SearchAction\",\"target\":{\"@type\":\"EntryPoint\",\"urlTemplate\":\"https:\\\/\\\/tossacycling.com\\\/en\\\/?s={search_term_string}\"},\"query-input\":{\"@type\":\"PropertyValueSpecification\",\"valueRequired\":true,\"valueName\":\"search_term_string\"}}],\"inLanguage\":\"en-US\"},{\"@type\":\"Organization\",\"@id\":\"https:\\\/\\\/tossacycling.com\\\/en\\\/#organization\",\"name\":\"TOSSA CYCLING\",\"url\":\"https:\\\/\\\/tossacycling.com\\\/en\\\/\",\"logo\":{\"@type\":\"ImageObject\",\"inLanguage\":\"en-US\",\"@id\":\"https:\\\/\\\/tossacycling.com\\\/en\\\/#\\\/schema\\\/logo\\\/image\\\/\",\"url\":\"https:\\\/\\\/tossacycling.com\\\/wp-content\\\/uploads\\\/2022\\\/02\\\/cropped-squareRecurso-2.png\",\"contentUrl\":\"https:\\\/\\\/tossacycling.com\\\/wp-content\\\/uploads\\\/2022\\\/02\\\/cropped-squareRecurso-2.png\",\"width\":512,\"height\":512,\"caption\":\"TOSSA CYCLING\"},\"image\":{\"@id\":\"https:\\\/\\\/tossacycling.com\\\/en\\\/#\\\/schema\\\/logo\\\/image\\\/\"},\"sameAs\":[\"https:\\\/\\\/www.facebook.com\\\/TossaCycling\",\"https:\\\/\\\/www.instagram.com\\\/tossacycling\\\/\"]}]}<\/script>\n<!-- \/ Yoast SEO plugin. -->","yoast_head_json":{"title":"TUBOLITO S-TUBO-CX\/GRAVEL-ALL SV60 | TOSSA CYCLING","robots":{"index":"index","follow":"follow","max-snippet":"max-snippet:-1","max-image-preview":"max-image-preview:large","max-video-preview":"max-video-preview:-1"},"canonical":"https:\/\/tossacycling.com\/en\/shop\/marcas\/tubolito\/camara-tubolito-s-tubo-cx-gravel-all-sv60\/","og_locale":"en_US","og_type":"article","og_title":"TUBOLITO S-TUBO-CX\/GRAVEL-ALL SV60 | TOSSA CYCLING","og_description":"(Espa\u00f1ol) No s\u00f3lo de repuesto: desarrollado para caber en cualquier bolsillo peque\u00f1o, y s\u00f3lo 35 gramos de peso. Debido a su muy peque\u00f1o tama\u00f1o cuando est\u00e1 empaquetado, S-Tubo-CX\/Gravel es la c\u00e1mara de repuesto ideal para todos los neum\u00e1ticos de di\u00e1metro 700c y 650B y un ancho de 30mm a 47mm. Sin embargo, no s\u00f3lo es un salvador cuando lo necesitas, sino que puede ser utilizado perfectamente en el d\u00eda a d\u00eda, ya que sigue siendo tan robusto como las c\u00e1maras est\u00e1ndar. Tambi\u00e9n, los restos de l\u00edquidos para tubeless no le hacen ning\u00fan da\u00f1o. Dada su baja resistencia al rodaje, puede convertirse en una ventaja decisiva en las competencias. Est\u00e1 disponible con v\u00e1lvulas Presta de 42mm (35 gramos) y 60mm (36 gramos) y es adecuado para frenos a disco. 60MM    Weight 36 G   Tire width 30 \u2013 47 mm   Valve 60MM SV Orange","og_url":"https:\/\/tossacycling.com\/en\/shop\/marcas\/tubolito\/camara-tubolito-s-tubo-cx-gravel-all-sv60\/","og_site_name":"TOSSA CYCLING","article_publisher":"https:\/\/www.facebook.com\/TossaCycling","article_modified_time":"2024-02-07T17:43:23+00:00","og_image":[{"width":1000,"height":1000,"url":"https:\/\/tossacycling.com\/wp-content\/uploads\/2022\/01\/tubolito-camara-aire-s-cx-presta-60-mm.jpg","type":"image\/jpeg"}],"twitter_card":"summary_large_image","schema":{"@context":"https:\/\/schema.org","@graph":[{"@type":["WebPage","ItemPage"],"@id":"https:\/\/tossacycling.com\/en\/shop\/marcas\/tubolito\/camara-tubolito-s-tubo-cx-gravel-all-sv60\/","url":"https:\/\/tossacycling.com\/en\/shop\/marcas\/tubolito\/camara-tubolito-s-tubo-cx-gravel-all-sv60\/","name":"TUBOLITO S-TUBO-CX\/GRAVEL-ALL SV60 | TOSSA CYCLING","isPartOf":{"@id":"https:\/\/tossacycling.com\/en\/#website"},"primaryImageOfPage":{"@id":"https:\/\/tossacycling.com\/en\/shop\/marcas\/tubolito\/camara-tubolito-s-tubo-cx-gravel-all-sv60\/#primaryimage"},"image":{"@id":"https:\/\/tossacycling.com\/en\/shop\/marcas\/tubolito\/camara-tubolito-s-tubo-cx-gravel-all-sv60\/#primaryimage"},"thumbnailUrl":"https:\/\/tossacycling.com\/wp-content\/uploads\/2022\/01\/tubolito-camara-aire-s-cx-presta-60-mm.jpg","datePublished":"2022-01-13T10:22:09+00:00","dateModified":"2024-02-07T17:43:23+00:00","breadcrumb":{"@id":"https:\/\/tossacycling.com\/en\/shop\/marcas\/tubolito\/camara-tubolito-s-tubo-cx-gravel-all-sv60\/#breadcrumb"},"inLanguage":"en-US","potentialAction":[{"@type":"ReadAction","target":[["https:\/\/tossacycling.com\/en\/shop\/marcas\/tubolito\/camara-tubolito-s-tubo-cx-gravel-all-sv60\/"]]}]},{"@type":"ImageObject","inLanguage":"en-US","@id":"https:\/\/tossacycling.com\/en\/shop\/marcas\/tubolito\/camara-tubolito-s-tubo-cx-gravel-all-sv60\/#primaryimage","url":"https:\/\/tossacycling.com\/wp-content\/uploads\/2022\/01\/tubolito-camara-aire-s-cx-presta-60-mm.jpg","contentUrl":"https:\/\/tossacycling.com\/wp-content\/uploads\/2022\/01\/tubolito-camara-aire-s-cx-presta-60-mm.jpg","width":1000,"height":1000},{"@type":"BreadcrumbList","@id":"https:\/\/tossacycling.com\/en\/shop\/marcas\/tubolito\/camara-tubolito-s-tubo-cx-gravel-all-sv60\/#breadcrumb","itemListElement":[{"@type":"ListItem","position":1,"name":"Home","item":"https:\/\/tossacycling.com\/en\/"},{"@type":"ListItem","position":2,"name":"Shop","item":"https:\/\/tossacycling.com\/en\/shop\/"},{"@type":"ListItem","position":3,"name":"TUBOLITO S-TUBO-CX\/GRAVEL-ALL SV60"}]},{"@type":"WebSite","@id":"https:\/\/tossacycling.com\/en\/#website","url":"https:\/\/tossacycling.com\/en\/","name":"TOSSA CYCLING","description":"CYCLING &amp; GOOD VIBES","publisher":{"@id":"https:\/\/tossacycling.com\/en\/#organization"},"potentialAction":[{"@type":"SearchAction","target":{"@type":"EntryPoint","urlTemplate":"https:\/\/tossacycling.com\/en\/?s={search_term_string}"},"query-input":{"@type":"PropertyValueSpecification","valueRequired":true,"valueName":"search_term_string"}}],"inLanguage":"en-US"},{"@type":"Organization","@id":"https:\/\/tossacycling.com\/en\/#organization","name":"TOSSA CYCLING","url":"https:\/\/tossacycling.com\/en\/","logo":{"@type":"ImageObject","inLanguage":"en-US","@id":"https:\/\/tossacycling.com\/en\/#\/schema\/logo\/image\/","url":"https:\/\/tossacycling.com\/wp-content\/uploads\/2022\/02\/cropped-squareRecurso-2.png","contentUrl":"https:\/\/tossacycling.com\/wp-content\/uploads\/2022\/02\/cropped-squareRecurso-2.png","width":512,"height":512,"caption":"TOSSA CYCLING"},"image":{"@id":"https:\/\/tossacycling.com\/en\/#\/schema\/logo\/image\/"},"sameAs":["https:\/\/www.facebook.com\/TossaCycling","https:\/\/www.instagram.com\/tossacycling\/"]}]}},"_links":{"self":[{"href":"https:\/\/tossacycling.com\/en\/wp-json\/wp\/v2\/product\/9862","targetHints":{"allow":["GET"]}}],"collection":[{"href":"https:\/\/tossacycling.com\/en\/wp-json\/wp\/v2\/product"}],"about":[{"href":"https:\/\/tossacycling.com\/en\/wp-json\/wp\/v2\/types\/product"}],"wp:featuredmedia":[{"embeddable":true,"href":"https:\/\/tossacycling.com\/en\/wp-json\/wp\/v2\/media\/9906"}],"wp:attachment":[{"href":"https:\/\/tossacycling.com\/en\/wp-json\/wp\/v2\/media?parent=9862"}],"wp:term":[{"taxonomy":"product_brand","embeddable":true,"href":"https:\/\/tossacycling.com\/en\/wp-json\/wp\/v2\/product_brand?post=9862"},{"taxonomy":"product_cat","embeddable":true,"href":"https:\/\/tossacycling.com\/en\/wp-json\/wp\/v2\/product_cat?post=9862"},{"taxonomy":"product_tag","embeddable":true,"href":"https:\/\/tossacycling.com\/en\/wp-json\/wp\/v2\/product_tag?post=9862"}],"curies":[{"name":"wp","href":"https:\/\/api.w.org\/{rel}","templated":true}]}}